{"id":13069,"date":"2024-02-15T10:39:28","date_gmt":"2024-02-15T07:39:28","guid":{"rendered":"https:\/\/manyedekparcaankara.com\/urunler\/?post_type=product&#038;p=13069"},"modified":"2024-02-15T10:40:40","modified_gmt":"2024-02-15T07:40:40","slug":"8771582std-man-piston-segman-0836-motor-32-270-108mm","status":"publish","type":"product","link":"https:\/\/manyedekparcaankara.com\/urunler\/tr\/man\/8771582std-man-piston-segman-0836-motor-32-270-108mm\/","title":{"rendered":"8771582STD MAN P\u0130STON SEGMAN 0836 MOTOR 32.270 108MM."},"content":{"rendered":"<p>Oem No:<strong> 8771582STD <\/strong><\/p>\n<p>   Marka \/ Model:<strong> MAN 87.71582.STD <\/strong><\/p>\n<p>   \u00dcr\u00fcn Ad\u0131:<strong> P\u0130STON SEGMAN 0836 MOTOR 32.270 108MM. <\/strong><\/p>\n<h2> 8771582STD 87.71582.STD <\/h2>\n","protected":false},"excerpt":{"rendered":"<p>Oem No:<strong> 8771582STD <\/strong><\/p>\n<p>   Marka \/ Model:<strong> MAN 87.71582.STD <\/strong><\/p>\n<p>   \u00dcr\u00fcn Ad\u0131:<strong> P\u0130STON SEGMAN 0836 MOTOR 32.270 108MM. <\/strong><\/p>\n<h2> 8771582STD 87.71582.STD <\/h2>\n","protected":false},"featured_media":0,"comment_status":"closed","ping_status":"closed","template":"","meta":[],"product_cat":[530],"product_tag":[8878],"class_list":{"0":"post-13069","1":"product","2":"type-product","3":"status-publish","5":"product_cat-man","6":"product_tag-8771582std","8":"first","9":"instock","10":"featured","11":"shipping-taxable","12":"product-type-simple","13":"col-xs-6 col-sm-4","14":"col-mf-5","15":"un-5-cols"},"yoast_head":"<!-- This site is optimized with the Yoast SEO plugin v22.0 - https:\/\/yoast.com\/wordpress\/plugins\/seo\/ -->\n<title>8771582STD MAN P\u0130STON SEGMAN 0836 MOTOR 32.270 108MM. - Man Yedek Par\u00e7a - Mercedes TIR Kamyon Yedek Par\u00e7a<\/title>\n<meta name=\"robots\" content=\"index, follow, max-snippet:-1, max-image-preview:large, max-video-preview:-1\" \/>\n<link rel=\"canonical\" href=\"https:\/\/manyedekparcaankara.com\/urunler\/tr\/genel\/8771582std-man-piston-segman-0836-motor-32-270-108mm\/\" \/>\n<meta property=\"og:locale\" content=\"tr_TR\" \/>\n<meta property=\"og:type\" content=\"article\" \/>\n<meta property=\"og:title\" content=\"8771582STD MAN P\u0130STON SEGMAN 0836 MOTOR 32.270 108MM. - Man Yedek Par\u00e7a - Mercedes TIR Kamyon Yedek Par\u00e7a\" \/>\n<meta property=\"og:description\" content=\"Oem No: 8771582STD   Marka \/ Model: MAN 87.71582.STD   \u00dcr\u00fcn Ad\u0131: P\u0130STON SEGMAN 0836 MOTOR 32.270 108MM.    8771582STD 87.71582.STD\" \/>\n<meta property=\"og:url\" content=\"https:\/\/manyedekparcaankara.com\/urunler\/tr\/genel\/8771582std-man-piston-segman-0836-motor-32-270-108mm\/\" \/>\n<meta property=\"og:site_name\" content=\"Man Yedek Par\u00e7a - Mercedes TIR Kamyon Yedek Par\u00e7a\" \/>\n<meta property=\"article:modified_time\" content=\"2024-02-15T07:40:40+00:00\" \/>\n<meta name=\"twitter:card\" content=\"summary_large_image\" \/>\n<meta name=\"twitter:label1\" content=\"Tahmini okuma s\u00fcresi\" \/>\n\t<meta name=\"twitter:data1\" content=\"1 dakika\" \/>\n<script type=\"application\/ld+json\" class=\"yoast-schema-graph\">{\"@context\":\"https:\/\/schema.org\",\"@graph\":[{\"@type\":\"WebPage\",\"@id\":\"https:\/\/manyedekparcaankara.com\/urunler\/tr\/genel\/8771582std-man-piston-segman-0836-motor-32-270-108mm\/\",\"url\":\"https:\/\/manyedekparcaankara.com\/urunler\/tr\/genel\/8771582std-man-piston-segman-0836-motor-32-270-108mm\/\",\"name\":\"8771582STD MAN P\u0130STON SEGMAN 0836 MOTOR 32.270 108MM. - Man Yedek Par\u00e7a - Mercedes TIR Kamyon Yedek Par\u00e7a\",\"isPartOf\":{\"@id\":\"https:\/\/manyedekparcaankara.com\/urunler\/#website\"},\"datePublished\":\"2024-02-15T07:39:28+00:00\",\"dateModified\":\"2024-02-15T07:40:40+00:00\",\"breadcrumb\":{\"@id\":\"https:\/\/manyedekparcaankara.com\/urunler\/tr\/genel\/8771582std-man-piston-segman-0836-motor-32-270-108mm\/#breadcrumb\"},\"inLanguage\":\"tr\",\"potentialAction\":[{\"@type\":\"ReadAction\",\"target\":[\"https:\/\/manyedekparcaankara.com\/urunler\/tr\/genel\/8771582std-man-piston-segman-0836-motor-32-270-108mm\/\"]}]},{\"@type\":\"BreadcrumbList\",\"@id\":\"https:\/\/manyedekparcaankara.com\/urunler\/tr\/genel\/8771582std-man-piston-segman-0836-motor-32-270-108mm\/#breadcrumb\",\"itemListElement\":[{\"@type\":\"ListItem\",\"position\":1,\"name\":\"Anasayfa\",\"item\":\"https:\/\/manyedekparcaankara.com\/urunler\/\"},{\"@type\":\"ListItem\",\"position\":2,\"name\":\"\u00dcr\u00fcnler\",\"item\":\"https:\/\/manyedekparcaankara.com\/urunler\/\"},{\"@type\":\"ListItem\",\"position\":3,\"name\":\"8771582STD MAN P\u0130STON SEGMAN 0836 MOTOR 32.270 108MM.\"}]},{\"@type\":\"WebSite\",\"@id\":\"https:\/\/manyedekparcaankara.com\/urunler\/#website\",\"url\":\"https:\/\/manyedekparcaankara.com\/urunler\/\",\"name\":\"Man Yedek Par\u00e7a - Mercedes TIR Kamyon Yedek Par\u00e7a\",\"description\":\"\",\"potentialAction\":[{\"@type\":\"SearchAction\",\"target\":{\"@type\":\"EntryPoint\",\"urlTemplate\":\"https:\/\/manyedekparcaankara.com\/urunler\/?s={search_term_string}\"},\"query-input\":\"required name=search_term_string\"}],\"inLanguage\":\"tr\"}]}<\/script>\n<!-- \/ Yoast SEO plugin. -->","yoast_head_json":{"title":"8771582STD MAN P\u0130STON SEGMAN 0836 MOTOR 32.270 108MM. - Man Yedek Par\u00e7a - Mercedes TIR Kamyon Yedek Par\u00e7a","robots":{"index":"index","follow":"follow","max-snippet":"max-snippet:-1","max-image-preview":"max-image-preview:large","max-video-preview":"max-video-preview:-1"},"canonical":"https:\/\/manyedekparcaankara.com\/urunler\/tr\/genel\/8771582std-man-piston-segman-0836-motor-32-270-108mm\/","og_locale":"tr_TR","og_type":"article","og_title":"8771582STD MAN P\u0130STON SEGMAN 0836 MOTOR 32.270 108MM. - Man Yedek Par\u00e7a - Mercedes TIR Kamyon Yedek Par\u00e7a","og_description":"Oem No: 8771582STD   Marka \/ Model: MAN 87.71582.STD   \u00dcr\u00fcn Ad\u0131: P\u0130STON SEGMAN 0836 MOTOR 32.270 108MM.    8771582STD 87.71582.STD","og_url":"https:\/\/manyedekparcaankara.com\/urunler\/tr\/genel\/8771582std-man-piston-segman-0836-motor-32-270-108mm\/","og_site_name":"Man Yedek Par\u00e7a - Mercedes TIR Kamyon Yedek Par\u00e7a","article_modified_time":"2024-02-15T07:40:40+00:00","twitter_card":"summary_large_image","twitter_misc":{"Tahmini okuma s\u00fcresi":"1 dakika"},"schema":{"@context":"https:\/\/schema.org","@graph":[{"@type":"WebPage","@id":"https:\/\/manyedekparcaankara.com\/urunler\/tr\/genel\/8771582std-man-piston-segman-0836-motor-32-270-108mm\/","url":"https:\/\/manyedekparcaankara.com\/urunler\/tr\/genel\/8771582std-man-piston-segman-0836-motor-32-270-108mm\/","name":"8771582STD MAN P\u0130STON SEGMAN 0836 MOTOR 32.270 108MM. - Man Yedek Par\u00e7a - Mercedes TIR Kamyon Yedek Par\u00e7a","isPartOf":{"@id":"https:\/\/manyedekparcaankara.com\/urunler\/#website"},"datePublished":"2024-02-15T07:39:28+00:00","dateModified":"2024-02-15T07:40:40+00:00","breadcrumb":{"@id":"https:\/\/manyedekparcaankara.com\/urunler\/tr\/genel\/8771582std-man-piston-segman-0836-motor-32-270-108mm\/#breadcrumb"},"inLanguage":"tr","potentialAction":[{"@type":"ReadAction","target":["https:\/\/manyedekparcaankara.com\/urunler\/tr\/genel\/8771582std-man-piston-segman-0836-motor-32-270-108mm\/"]}]},{"@type":"BreadcrumbList","@id":"https:\/\/manyedekparcaankara.com\/urunler\/tr\/genel\/8771582std-man-piston-segman-0836-motor-32-270-108mm\/#breadcrumb","itemListElement":[{"@type":"ListItem","position":1,"name":"Anasayfa","item":"https:\/\/manyedekparcaankara.com\/urunler\/"},{"@type":"ListItem","position":2,"name":"\u00dcr\u00fcnler","item":"https:\/\/manyedekparcaankara.com\/urunler\/"},{"@type":"ListItem","position":3,"name":"8771582STD MAN P\u0130STON SEGMAN 0836 MOTOR 32.270 108MM."}]},{"@type":"WebSite","@id":"https:\/\/manyedekparcaankara.com\/urunler\/#website","url":"https:\/\/manyedekparcaankara.com\/urunler\/","name":"Man Yedek Par\u00e7a - Mercedes TIR Kamyon Yedek Par\u00e7a","description":"","potentialAction":[{"@type":"SearchAction","target":{"@type":"EntryPoint","urlTemplate":"https:\/\/manyedekparcaankara.com\/urunler\/?s={search_term_string}"},"query-input":"required name=search_term_string"}],"inLanguage":"tr"}]}},"_links":{"self":[{"href":"https:\/\/manyedekparcaankara.com\/urunler\/wp-json\/wp\/v2\/product\/13069","targetHints":{"allow":["GET"]}}],"collection":[{"href":"https:\/\/manyedekparcaankara.com\/urunler\/wp-json\/wp\/v2\/product"}],"about":[{"href":"https:\/\/manyedekparcaankara.com\/urunler\/wp-json\/wp\/v2\/types\/product"}],"replies":[{"embeddable":true,"href":"https:\/\/manyedekparcaankara.com\/urunler\/wp-json\/wp\/v2\/comments?post=13069"}],"wp:attachment":[{"href":"https:\/\/manyedekparcaankara.com\/urunler\/wp-json\/wp\/v2\/media?parent=13069"}],"wp:term":[{"taxonomy":"product_cat","embeddable":true,"href":"https:\/\/manyedekparcaankara.com\/urunler\/wp-json\/wp\/v2\/product_cat?post=13069"},{"taxonomy":"product_tag","embeddable":true,"href":"https:\/\/manyedekparcaankara.com\/urunler\/wp-json\/wp\/v2\/product_tag?post=13069"}],"curies":[{"name":"wp","href":"https:\/\/api.w.org\/{rel}","templated":true}]}}