{"id":14349,"date":"2024-02-15T11:52:56","date_gmt":"2024-02-15T08:52:56","guid":{"rendered":"https:\/\/manyedekparcaankara.com\/urunler\/?post_type=product&#038;p=14349"},"modified":"2024-02-15T11:54:16","modified_gmt":"2024-02-15T08:54:16","slug":"a0282504701-mercedes-3400-700-533-deb-kiti-43luk-om471-arocs-3342-4142","status":"publish","type":"product","link":"https:\/\/manyedekparcaankara.com\/urunler\/tr\/mercedes\/a0282504701-mercedes-3400-700-533-deb-kiti-43luk-om471-arocs-3342-4142\/","title":{"rendered":"A0282504701 MERCEDES 3400 700 533 DEB.K\u0130T\u0130 43`L\u00dcK OM471 AROCS 3342\/4142"},"content":{"rendered":"<p>Oem No:<strong> A0282504701 <\/strong><\/p>\n<p>   Marka \/ Model:<strong> MERCEDES A028 250 47 01 <\/strong><\/p>\n<p>   \u00dcr\u00fcn Ad\u0131:<strong> 3400 700 533 DEB.K\u0130T\u0130 43`L\u00dcK OM471 AROCS 3342\/4142 <\/strong><\/p>\n<h2> A0282504701 A028 250 47 01 <\/h2>\n","protected":false},"excerpt":{"rendered":"<p>Oem No:<strong> A0282504701 <\/strong><\/p>\n<p>   Marka \/ Model:<strong> MERCEDES A028 250 47 01 <\/strong><\/p>\n<p>   \u00dcr\u00fcn Ad\u0131:<strong> 3400 700 533 DEB.K\u0130T\u0130 43`L\u00dcK OM471 AROCS 3342\/4142 <\/strong><\/p>\n<h2> A0282504701 A028 250 47 01 <\/h2>\n","protected":false},"featured_media":0,"comment_status":"closed","ping_status":"closed","template":"","meta":[],"product_cat":[9209],"product_tag":[10162],"class_list":{"0":"post-14349","1":"product","2":"type-product","3":"status-publish","5":"product_cat-mercedes","6":"product_tag-a0282504701","8":"first","9":"instock","10":"featured","11":"shipping-taxable","12":"product-type-simple","13":"col-xs-6 col-sm-4","14":"col-mf-5","15":"un-5-cols"},"yoast_head":"<!-- This site is optimized with the Yoast SEO plugin v22.0 - https:\/\/yoast.com\/wordpress\/plugins\/seo\/ -->\n<title>A0282504701 MERCEDES 3400 700 533 DEB.K\u0130T\u0130 43`L\u00dcK OM471 AROCS 3342\/4142 - Man Yedek Par\u00e7a - Mercedes TIR Kamyon Yedek Par\u00e7a<\/title>\n<meta name=\"robots\" content=\"index, follow, max-snippet:-1, max-image-preview:large, max-video-preview:-1\" \/>\n<link rel=\"canonical\" href=\"https:\/\/manyedekparcaankara.com\/urunler\/tr\/genel\/a0282504701-mercedes-3400-700-533-deb-kiti-43luk-om471-arocs-3342-4142\/\" \/>\n<meta property=\"og:locale\" content=\"tr_TR\" \/>\n<meta property=\"og:type\" content=\"article\" \/>\n<meta property=\"og:title\" content=\"A0282504701 MERCEDES 3400 700 533 DEB.K\u0130T\u0130 43`L\u00dcK OM471 AROCS 3342\/4142 - Man Yedek Par\u00e7a - Mercedes TIR Kamyon Yedek Par\u00e7a\" \/>\n<meta property=\"og:description\" content=\"Oem No: A0282504701   Marka \/ Model: MERCEDES A028 250 47 01   \u00dcr\u00fcn Ad\u0131: 3400 700 533 DEB.K\u0130T\u0130 43`L\u00dcK OM471 AROCS 3342\/4142    A0282504701 A028 250 47 01\" \/>\n<meta property=\"og:url\" content=\"https:\/\/manyedekparcaankara.com\/urunler\/tr\/genel\/a0282504701-mercedes-3400-700-533-deb-kiti-43luk-om471-arocs-3342-4142\/\" \/>\n<meta property=\"og:site_name\" content=\"Man Yedek Par\u00e7a - Mercedes TIR Kamyon Yedek Par\u00e7a\" \/>\n<meta property=\"article:modified_time\" content=\"2024-02-15T08:54:16+00:00\" \/>\n<meta name=\"twitter:card\" content=\"summary_large_image\" \/>\n<meta name=\"twitter:label1\" content=\"Tahmini okuma s\u00fcresi\" \/>\n\t<meta name=\"twitter:data1\" content=\"1 dakika\" \/>\n<script type=\"application\/ld+json\" class=\"yoast-schema-graph\">{\"@context\":\"https:\/\/schema.org\",\"@graph\":[{\"@type\":\"WebPage\",\"@id\":\"https:\/\/manyedekparcaankara.com\/urunler\/tr\/genel\/a0282504701-mercedes-3400-700-533-deb-kiti-43luk-om471-arocs-3342-4142\/\",\"url\":\"https:\/\/manyedekparcaankara.com\/urunler\/tr\/genel\/a0282504701-mercedes-3400-700-533-deb-kiti-43luk-om471-arocs-3342-4142\/\",\"name\":\"A0282504701 MERCEDES 3400 700 533 DEB.K\u0130T\u0130 43`L\u00dcK OM471 AROCS 3342\/4142 - Man Yedek Par\u00e7a - Mercedes TIR Kamyon Yedek Par\u00e7a\",\"isPartOf\":{\"@id\":\"https:\/\/manyedekparcaankara.com\/urunler\/#website\"},\"datePublished\":\"2024-02-15T08:52:56+00:00\",\"dateModified\":\"2024-02-15T08:54:16+00:00\",\"breadcrumb\":{\"@id\":\"https:\/\/manyedekparcaankara.com\/urunler\/tr\/genel\/a0282504701-mercedes-3400-700-533-deb-kiti-43luk-om471-arocs-3342-4142\/#breadcrumb\"},\"inLanguage\":\"tr\",\"potentialAction\":[{\"@type\":\"ReadAction\",\"target\":[\"https:\/\/manyedekparcaankara.com\/urunler\/tr\/genel\/a0282504701-mercedes-3400-700-533-deb-kiti-43luk-om471-arocs-3342-4142\/\"]}]},{\"@type\":\"BreadcrumbList\",\"@id\":\"https:\/\/manyedekparcaankara.com\/urunler\/tr\/genel\/a0282504701-mercedes-3400-700-533-deb-kiti-43luk-om471-arocs-3342-4142\/#breadcrumb\",\"itemListElement\":[{\"@type\":\"ListItem\",\"position\":1,\"name\":\"Anasayfa\",\"item\":\"https:\/\/manyedekparcaankara.com\/urunler\/\"},{\"@type\":\"ListItem\",\"position\":2,\"name\":\"\u00dcr\u00fcnler\",\"item\":\"https:\/\/manyedekparcaankara.com\/urunler\/\"},{\"@type\":\"ListItem\",\"position\":3,\"name\":\"A0282504701 MERCEDES 3400 700 533 DEB.K\u0130T\u0130 43`L\u00dcK OM471 AROCS 3342\/4142\"}]},{\"@type\":\"WebSite\",\"@id\":\"https:\/\/manyedekparcaankara.com\/urunler\/#website\",\"url\":\"https:\/\/manyedekparcaankara.com\/urunler\/\",\"name\":\"Man Yedek Par\u00e7a - Mercedes TIR Kamyon Yedek Par\u00e7a\",\"description\":\"\",\"potentialAction\":[{\"@type\":\"SearchAction\",\"target\":{\"@type\":\"EntryPoint\",\"urlTemplate\":\"https:\/\/manyedekparcaankara.com\/urunler\/?s={search_term_string}\"},\"query-input\":\"required name=search_term_string\"}],\"inLanguage\":\"tr\"}]}<\/script>\n<!-- \/ Yoast SEO plugin. -->","yoast_head_json":{"title":"A0282504701 MERCEDES 3400 700 533 DEB.K\u0130T\u0130 43`L\u00dcK OM471 AROCS 3342\/4142 - Man Yedek Par\u00e7a - Mercedes TIR Kamyon Yedek Par\u00e7a","robots":{"index":"index","follow":"follow","max-snippet":"max-snippet:-1","max-image-preview":"max-image-preview:large","max-video-preview":"max-video-preview:-1"},"canonical":"https:\/\/manyedekparcaankara.com\/urunler\/tr\/genel\/a0282504701-mercedes-3400-700-533-deb-kiti-43luk-om471-arocs-3342-4142\/","og_locale":"tr_TR","og_type":"article","og_title":"A0282504701 MERCEDES 3400 700 533 DEB.K\u0130T\u0130 43`L\u00dcK OM471 AROCS 3342\/4142 - Man Yedek Par\u00e7a - Mercedes TIR Kamyon Yedek Par\u00e7a","og_description":"Oem No: A0282504701   Marka \/ Model: MERCEDES A028 250 47 01   \u00dcr\u00fcn Ad\u0131: 3400 700 533 DEB.K\u0130T\u0130 43`L\u00dcK OM471 AROCS 3342\/4142    A0282504701 A028 250 47 01","og_url":"https:\/\/manyedekparcaankara.com\/urunler\/tr\/genel\/a0282504701-mercedes-3400-700-533-deb-kiti-43luk-om471-arocs-3342-4142\/","og_site_name":"Man Yedek Par\u00e7a - Mercedes TIR Kamyon Yedek Par\u00e7a","article_modified_time":"2024-02-15T08:54:16+00:00","twitter_card":"summary_large_image","twitter_misc":{"Tahmini okuma s\u00fcresi":"1 dakika"},"schema":{"@context":"https:\/\/schema.org","@graph":[{"@type":"WebPage","@id":"https:\/\/manyedekparcaankara.com\/urunler\/tr\/genel\/a0282504701-mercedes-3400-700-533-deb-kiti-43luk-om471-arocs-3342-4142\/","url":"https:\/\/manyedekparcaankara.com\/urunler\/tr\/genel\/a0282504701-mercedes-3400-700-533-deb-kiti-43luk-om471-arocs-3342-4142\/","name":"A0282504701 MERCEDES 3400 700 533 DEB.K\u0130T\u0130 43`L\u00dcK OM471 AROCS 3342\/4142 - Man Yedek Par\u00e7a - Mercedes TIR Kamyon Yedek Par\u00e7a","isPartOf":{"@id":"https:\/\/manyedekparcaankara.com\/urunler\/#website"},"datePublished":"2024-02-15T08:52:56+00:00","dateModified":"2024-02-15T08:54:16+00:00","breadcrumb":{"@id":"https:\/\/manyedekparcaankara.com\/urunler\/tr\/genel\/a0282504701-mercedes-3400-700-533-deb-kiti-43luk-om471-arocs-3342-4142\/#breadcrumb"},"inLanguage":"tr","potentialAction":[{"@type":"ReadAction","target":["https:\/\/manyedekparcaankara.com\/urunler\/tr\/genel\/a0282504701-mercedes-3400-700-533-deb-kiti-43luk-om471-arocs-3342-4142\/"]}]},{"@type":"BreadcrumbList","@id":"https:\/\/manyedekparcaankara.com\/urunler\/tr\/genel\/a0282504701-mercedes-3400-700-533-deb-kiti-43luk-om471-arocs-3342-4142\/#breadcrumb","itemListElement":[{"@type":"ListItem","position":1,"name":"Anasayfa","item":"https:\/\/manyedekparcaankara.com\/urunler\/"},{"@type":"ListItem","position":2,"name":"\u00dcr\u00fcnler","item":"https:\/\/manyedekparcaankara.com\/urunler\/"},{"@type":"ListItem","position":3,"name":"A0282504701 MERCEDES 3400 700 533 DEB.K\u0130T\u0130 43`L\u00dcK OM471 AROCS 3342\/4142"}]},{"@type":"WebSite","@id":"https:\/\/manyedekparcaankara.com\/urunler\/#website","url":"https:\/\/manyedekparcaankara.com\/urunler\/","name":"Man Yedek Par\u00e7a - Mercedes TIR Kamyon Yedek Par\u00e7a","description":"","potentialAction":[{"@type":"SearchAction","target":{"@type":"EntryPoint","urlTemplate":"https:\/\/manyedekparcaankara.com\/urunler\/?s={search_term_string}"},"query-input":"required name=search_term_string"}],"inLanguage":"tr"}]}},"_links":{"self":[{"href":"https:\/\/manyedekparcaankara.com\/urunler\/wp-json\/wp\/v2\/product\/14349","targetHints":{"allow":["GET"]}}],"collection":[{"href":"https:\/\/manyedekparcaankara.com\/urunler\/wp-json\/wp\/v2\/product"}],"about":[{"href":"https:\/\/manyedekparcaankara.com\/urunler\/wp-json\/wp\/v2\/types\/product"}],"replies":[{"embeddable":true,"href":"https:\/\/manyedekparcaankara.com\/urunler\/wp-json\/wp\/v2\/comments?post=14349"}],"wp:attachment":[{"href":"https:\/\/manyedekparcaankara.com\/urunler\/wp-json\/wp\/v2\/media?parent=14349"}],"wp:term":[{"taxonomy":"product_cat","embeddable":true,"href":"https:\/\/manyedekparcaankara.com\/urunler\/wp-json\/wp\/v2\/product_cat?post=14349"},{"taxonomy":"product_tag","embeddable":true,"href":"https:\/\/manyedekparcaankara.com\/urunler\/wp-json\/wp\/v2\/product_tag?post=14349"}],"curies":[{"name":"wp","href":"https:\/\/api.w.org\/{rel}","templated":true}]}}