{"id":14483,"date":"2024-02-15T12:01:05","date_gmt":"2024-02-15T09:01:05","guid":{"rendered":"https:\/\/manyedekparcaankara.com\/urunler\/?post_type=product&#038;p=14483"},"modified":"2024-02-15T12:02:09","modified_gmt":"2024-02-15T09:02:09","slug":"a3713237000-mercedes-arka-amartisor-677-11-25","status":"publish","type":"product","link":"https:\/\/manyedekparcaankara.com\/urunler\/tr\/mercedes\/a3713237000-mercedes-arka-amartisor-677-11-25\/","title":{"rendered":"A3713237000 MERCEDES ARKA AMART\u0130S\u00d6R      677 11 25"},"content":{"rendered":"<p>Oem No:<strong> A3713237000 <\/strong><\/p>\n<p>   Marka \/ Model:<strong> MERCEDES A371 323 70 00 <\/strong><\/p>\n<p>   \u00dcr\u00fcn Ad\u0131:<strong> ARKA AMART\u0130S\u00d6R      677 11 25 <\/strong><\/p>\n<h2> A3713237000 A371 323 70 00 <\/h2>\n","protected":false},"excerpt":{"rendered":"<p>Oem No:<strong> A3713237000 <\/strong><\/p>\n<p>   Marka \/ Model:<strong> MERCEDES A371 323 70 00 <\/strong><\/p>\n<p>   \u00dcr\u00fcn Ad\u0131:<strong> ARKA AMART\u0130S\u00d6R      677 11 25 <\/strong><\/p>\n<h2> A3713237000 A371 323 70 00 <\/h2>\n","protected":false},"featured_media":0,"comment_status":"closed","ping_status":"closed","template":"","meta":[],"product_cat":[9209],"product_tag":[10296],"class_list":{"0":"post-14483","1":"product","2":"type-product","3":"status-publish","5":"product_cat-mercedes","6":"product_tag-a3713237000","8":"first","9":"instock","10":"featured","11":"shipping-taxable","12":"product-type-simple","13":"col-xs-6 col-sm-4","14":"col-mf-5","15":"un-5-cols"},"yoast_head":"<!-- This site is optimized with the Yoast SEO plugin v22.0 - https:\/\/yoast.com\/wordpress\/plugins\/seo\/ -->\n<title>A3713237000 MERCEDES ARKA AMART\u0130S\u00d6R   677 11 25 - Man Yedek Par\u00e7a - Mercedes TIR Kamyon Yedek Par\u00e7a<\/title>\n<meta name=\"robots\" content=\"index, follow, max-snippet:-1, max-image-preview:large, max-video-preview:-1\" \/>\n<link rel=\"canonical\" href=\"https:\/\/manyedekparcaankara.com\/urunler\/tr\/genel\/a3713237000-mercedes-arka-amartisor-677-11-25\/\" \/>\n<meta property=\"og:locale\" content=\"tr_TR\" \/>\n<meta property=\"og:type\" content=\"article\" \/>\n<meta property=\"og:title\" content=\"A3713237000 MERCEDES ARKA AMART\u0130S\u00d6R   677 11 25 - Man Yedek Par\u00e7a - Mercedes TIR Kamyon Yedek Par\u00e7a\" \/>\n<meta property=\"og:description\" content=\"Oem No: A3713237000   Marka \/ Model: MERCEDES A371 323 70 00   \u00dcr\u00fcn Ad\u0131: ARKA AMART\u0130S\u00d6R   677 11 25    A3713237000 A371 323 70 00\" \/>\n<meta property=\"og:url\" content=\"https:\/\/manyedekparcaankara.com\/urunler\/tr\/genel\/a3713237000-mercedes-arka-amartisor-677-11-25\/\" \/>\n<meta property=\"og:site_name\" content=\"Man Yedek Par\u00e7a - Mercedes TIR Kamyon Yedek Par\u00e7a\" \/>\n<meta property=\"article:modified_time\" content=\"2024-02-15T09:02:09+00:00\" \/>\n<meta name=\"twitter:card\" content=\"summary_large_image\" \/>\n<meta name=\"twitter:label1\" content=\"Tahmini okuma s\u00fcresi\" \/>\n\t<meta name=\"twitter:data1\" content=\"1 dakika\" \/>\n<script type=\"application\/ld+json\" class=\"yoast-schema-graph\">{\"@context\":\"https:\/\/schema.org\",\"@graph\":[{\"@type\":\"WebPage\",\"@id\":\"https:\/\/manyedekparcaankara.com\/urunler\/tr\/genel\/a3713237000-mercedes-arka-amartisor-677-11-25\/\",\"url\":\"https:\/\/manyedekparcaankara.com\/urunler\/tr\/genel\/a3713237000-mercedes-arka-amartisor-677-11-25\/\",\"name\":\"A3713237000 MERCEDES ARKA AMART\u0130S\u00d6R 677 11 25 - Man Yedek Par\u00e7a - Mercedes TIR Kamyon Yedek Par\u00e7a\",\"isPartOf\":{\"@id\":\"https:\/\/manyedekparcaankara.com\/urunler\/#website\"},\"datePublished\":\"2024-02-15T09:01:05+00:00\",\"dateModified\":\"2024-02-15T09:02:09+00:00\",\"breadcrumb\":{\"@id\":\"https:\/\/manyedekparcaankara.com\/urunler\/tr\/genel\/a3713237000-mercedes-arka-amartisor-677-11-25\/#breadcrumb\"},\"inLanguage\":\"tr\",\"potentialAction\":[{\"@type\":\"ReadAction\",\"target\":[\"https:\/\/manyedekparcaankara.com\/urunler\/tr\/genel\/a3713237000-mercedes-arka-amartisor-677-11-25\/\"]}]},{\"@type\":\"BreadcrumbList\",\"@id\":\"https:\/\/manyedekparcaankara.com\/urunler\/tr\/genel\/a3713237000-mercedes-arka-amartisor-677-11-25\/#breadcrumb\",\"itemListElement\":[{\"@type\":\"ListItem\",\"position\":1,\"name\":\"Anasayfa\",\"item\":\"https:\/\/manyedekparcaankara.com\/urunler\/\"},{\"@type\":\"ListItem\",\"position\":2,\"name\":\"\u00dcr\u00fcnler\",\"item\":\"https:\/\/manyedekparcaankara.com\/urunler\/\"},{\"@type\":\"ListItem\",\"position\":3,\"name\":\"A3713237000 MERCEDES ARKA AMART\u0130S\u00d6R 677 11 25\"}]},{\"@type\":\"WebSite\",\"@id\":\"https:\/\/manyedekparcaankara.com\/urunler\/#website\",\"url\":\"https:\/\/manyedekparcaankara.com\/urunler\/\",\"name\":\"Man Yedek Par\u00e7a - Mercedes TIR Kamyon Yedek Par\u00e7a\",\"description\":\"\",\"potentialAction\":[{\"@type\":\"SearchAction\",\"target\":{\"@type\":\"EntryPoint\",\"urlTemplate\":\"https:\/\/manyedekparcaankara.com\/urunler\/?s={search_term_string}\"},\"query-input\":\"required name=search_term_string\"}],\"inLanguage\":\"tr\"}]}<\/script>\n<!-- \/ Yoast SEO plugin. -->","yoast_head_json":{"title":"A3713237000 MERCEDES ARKA AMART\u0130S\u00d6R   677 11 25 - Man Yedek Par\u00e7a - Mercedes TIR Kamyon Yedek Par\u00e7a","robots":{"index":"index","follow":"follow","max-snippet":"max-snippet:-1","max-image-preview":"max-image-preview:large","max-video-preview":"max-video-preview:-1"},"canonical":"https:\/\/manyedekparcaankara.com\/urunler\/tr\/genel\/a3713237000-mercedes-arka-amartisor-677-11-25\/","og_locale":"tr_TR","og_type":"article","og_title":"A3713237000 MERCEDES ARKA AMART\u0130S\u00d6R   677 11 25 - Man Yedek Par\u00e7a - Mercedes TIR Kamyon Yedek Par\u00e7a","og_description":"Oem No: A3713237000   Marka \/ Model: MERCEDES A371 323 70 00   \u00dcr\u00fcn Ad\u0131: ARKA AMART\u0130S\u00d6R   677 11 25    A3713237000 A371 323 70 00","og_url":"https:\/\/manyedekparcaankara.com\/urunler\/tr\/genel\/a3713237000-mercedes-arka-amartisor-677-11-25\/","og_site_name":"Man Yedek Par\u00e7a - Mercedes TIR Kamyon Yedek Par\u00e7a","article_modified_time":"2024-02-15T09:02:09+00:00","twitter_card":"summary_large_image","twitter_misc":{"Tahmini okuma s\u00fcresi":"1 dakika"},"schema":{"@context":"https:\/\/schema.org","@graph":[{"@type":"WebPage","@id":"https:\/\/manyedekparcaankara.com\/urunler\/tr\/genel\/a3713237000-mercedes-arka-amartisor-677-11-25\/","url":"https:\/\/manyedekparcaankara.com\/urunler\/tr\/genel\/a3713237000-mercedes-arka-amartisor-677-11-25\/","name":"A3713237000 MERCEDES ARKA AMART\u0130S\u00d6R 677 11 25 - Man Yedek Par\u00e7a - Mercedes TIR Kamyon Yedek Par\u00e7a","isPartOf":{"@id":"https:\/\/manyedekparcaankara.com\/urunler\/#website"},"datePublished":"2024-02-15T09:01:05+00:00","dateModified":"2024-02-15T09:02:09+00:00","breadcrumb":{"@id":"https:\/\/manyedekparcaankara.com\/urunler\/tr\/genel\/a3713237000-mercedes-arka-amartisor-677-11-25\/#breadcrumb"},"inLanguage":"tr","potentialAction":[{"@type":"ReadAction","target":["https:\/\/manyedekparcaankara.com\/urunler\/tr\/genel\/a3713237000-mercedes-arka-amartisor-677-11-25\/"]}]},{"@type":"BreadcrumbList","@id":"https:\/\/manyedekparcaankara.com\/urunler\/tr\/genel\/a3713237000-mercedes-arka-amartisor-677-11-25\/#breadcrumb","itemListElement":[{"@type":"ListItem","position":1,"name":"Anasayfa","item":"https:\/\/manyedekparcaankara.com\/urunler\/"},{"@type":"ListItem","position":2,"name":"\u00dcr\u00fcnler","item":"https:\/\/manyedekparcaankara.com\/urunler\/"},{"@type":"ListItem","position":3,"name":"A3713237000 MERCEDES ARKA AMART\u0130S\u00d6R 677 11 25"}]},{"@type":"WebSite","@id":"https:\/\/manyedekparcaankara.com\/urunler\/#website","url":"https:\/\/manyedekparcaankara.com\/urunler\/","name":"Man Yedek Par\u00e7a - Mercedes TIR Kamyon Yedek Par\u00e7a","description":"","potentialAction":[{"@type":"SearchAction","target":{"@type":"EntryPoint","urlTemplate":"https:\/\/manyedekparcaankara.com\/urunler\/?s={search_term_string}"},"query-input":"required name=search_term_string"}],"inLanguage":"tr"}]}},"_links":{"self":[{"href":"https:\/\/manyedekparcaankara.com\/urunler\/wp-json\/wp\/v2\/product\/14483","targetHints":{"allow":["GET"]}}],"collection":[{"href":"https:\/\/manyedekparcaankara.com\/urunler\/wp-json\/wp\/v2\/product"}],"about":[{"href":"https:\/\/manyedekparcaankara.com\/urunler\/wp-json\/wp\/v2\/types\/product"}],"replies":[{"embeddable":true,"href":"https:\/\/manyedekparcaankara.com\/urunler\/wp-json\/wp\/v2\/comments?post=14483"}],"wp:attachment":[{"href":"https:\/\/manyedekparcaankara.com\/urunler\/wp-json\/wp\/v2\/media?parent=14483"}],"wp:term":[{"taxonomy":"product_cat","embeddable":true,"href":"https:\/\/manyedekparcaankara.com\/urunler\/wp-json\/wp\/v2\/product_cat?post=14483"},{"taxonomy":"product_tag","embeddable":true,"href":"https:\/\/manyedekparcaankara.com\/urunler\/wp-json\/wp\/v2\/product_tag?post=14483"}],"curies":[{"name":"wp","href":"https:\/\/api.w.org\/{rel}","templated":true}]}}