{"id":5361,"date":"2024-02-15T03:21:51","date_gmt":"2024-02-15T00:21:51","guid":{"rendered":"https:\/\/manyedekparcaankara.com\/urunler\/?post_type=product&#038;p=5361"},"modified":"2024-02-15T03:22:38","modified_gmt":"2024-02-15T00:22:38","slug":"1304-202-177-k-zf-sanziman-prizdirsek-man-hino","status":"publish","type":"product","link":"https:\/\/manyedekparcaankara.com\/urunler\/tr\/zf-sanziman\/1304-202-177-k-zf-sanziman-prizdirsek-man-hino\/","title":{"rendered":"1304 202 177 K ZF \u015eANZIMAN PR\u0130ZD\u0130RSEK (MAN H\u0130NO)"},"content":{"rendered":"<p>Oem No:<strong> 1304 202 177 K <\/strong><\/p>\n<p>   Marka \/ Model:<strong> ZF \u015eANZIMAN 1304 202 177 K <\/strong><\/p>\n<p>   \u00dcr\u00fcn Ad\u0131:<strong> PR\u0130ZD\u0130RSEK (MAN H\u0130NO) <\/strong><\/p>\n<h2> 1304 202 177 K 1304 202 177 K <\/h2>\n","protected":false},"excerpt":{"rendered":"<p>Oem No:<strong> 1304 202 177 K <\/strong><\/p>\n<p>   Marka \/ Model:<strong> ZF \u015eANZIMAN 1304 202 177 K <\/strong><\/p>\n<p>   \u00dcr\u00fcn Ad\u0131:<strong> PR\u0130ZD\u0130RSEK (MAN H\u0130NO) <\/strong><\/p>\n<h2> 1304 202 177 K 1304 202 177 K <\/h2>\n","protected":false},"featured_media":0,"comment_status":"closed","ping_status":"closed","template":"","meta":[],"product_cat":[491],"product_tag":[1264],"class_list":{"0":"post-5361","1":"product","2":"type-product","3":"status-publish","5":"product_cat-zf-sanziman","6":"product_tag-1304-202-177-k","8":"first","9":"instock","10":"featured","11":"shipping-taxable","12":"product-type-simple","13":"col-xs-6 col-sm-4","14":"col-mf-5","15":"un-5-cols"},"yoast_head":"<!-- This site is optimized with the Yoast SEO plugin v22.0 - https:\/\/yoast.com\/wordpress\/plugins\/seo\/ -->\n<title>1304 202 177 K ZF \u015eANZIMAN PR\u0130ZD\u0130RSEK (MAN H\u0130NO) - Man Yedek Par\u00e7a - Mercedes TIR Kamyon Yedek Par\u00e7a<\/title>\n<meta name=\"robots\" content=\"index, follow, max-snippet:-1, max-image-preview:large, max-video-preview:-1\" \/>\n<link rel=\"canonical\" href=\"https:\/\/manyedekparcaankara.com\/urunler\/tr\/genel\/1304-202-177-k-zf-sanziman-prizdirsek-man-hino\/\" \/>\n<meta property=\"og:locale\" content=\"tr_TR\" \/>\n<meta property=\"og:type\" content=\"article\" \/>\n<meta property=\"og:title\" content=\"1304 202 177 K ZF \u015eANZIMAN PR\u0130ZD\u0130RSEK (MAN H\u0130NO) - Man Yedek Par\u00e7a - Mercedes TIR Kamyon Yedek Par\u00e7a\" \/>\n<meta property=\"og:description\" content=\"Oem No: 1304 202 177 K   Marka \/ Model: ZF \u015eANZIMAN 1304 202 177 K   \u00dcr\u00fcn Ad\u0131: PR\u0130ZD\u0130RSEK (MAN H\u0130NO)    1304 202 177 K 1304 202 177 K\" \/>\n<meta property=\"og:url\" content=\"https:\/\/manyedekparcaankara.com\/urunler\/tr\/genel\/1304-202-177-k-zf-sanziman-prizdirsek-man-hino\/\" \/>\n<meta property=\"og:site_name\" content=\"Man Yedek Par\u00e7a - Mercedes TIR Kamyon Yedek Par\u00e7a\" \/>\n<meta property=\"article:modified_time\" content=\"2024-02-15T00:22:38+00:00\" \/>\n<meta name=\"twitter:card\" content=\"summary_large_image\" \/>\n<meta name=\"twitter:label1\" content=\"Tahmini okuma s\u00fcresi\" \/>\n\t<meta name=\"twitter:data1\" content=\"1 dakika\" \/>\n<script type=\"application\/ld+json\" class=\"yoast-schema-graph\">{\"@context\":\"https:\/\/schema.org\",\"@graph\":[{\"@type\":\"WebPage\",\"@id\":\"https:\/\/manyedekparcaankara.com\/urunler\/tr\/genel\/1304-202-177-k-zf-sanziman-prizdirsek-man-hino\/\",\"url\":\"https:\/\/manyedekparcaankara.com\/urunler\/tr\/genel\/1304-202-177-k-zf-sanziman-prizdirsek-man-hino\/\",\"name\":\"1304 202 177 K ZF \u015eANZIMAN PR\u0130ZD\u0130RSEK (MAN H\u0130NO) - Man Yedek Par\u00e7a - Mercedes TIR Kamyon Yedek Par\u00e7a\",\"isPartOf\":{\"@id\":\"https:\/\/manyedekparcaankara.com\/urunler\/#website\"},\"datePublished\":\"2024-02-15T00:21:51+00:00\",\"dateModified\":\"2024-02-15T00:22:38+00:00\",\"breadcrumb\":{\"@id\":\"https:\/\/manyedekparcaankara.com\/urunler\/tr\/genel\/1304-202-177-k-zf-sanziman-prizdirsek-man-hino\/#breadcrumb\"},\"inLanguage\":\"tr\",\"potentialAction\":[{\"@type\":\"ReadAction\",\"target\":[\"https:\/\/manyedekparcaankara.com\/urunler\/tr\/genel\/1304-202-177-k-zf-sanziman-prizdirsek-man-hino\/\"]}]},{\"@type\":\"BreadcrumbList\",\"@id\":\"https:\/\/manyedekparcaankara.com\/urunler\/tr\/genel\/1304-202-177-k-zf-sanziman-prizdirsek-man-hino\/#breadcrumb\",\"itemListElement\":[{\"@type\":\"ListItem\",\"position\":1,\"name\":\"Anasayfa\",\"item\":\"https:\/\/manyedekparcaankara.com\/urunler\/\"},{\"@type\":\"ListItem\",\"position\":2,\"name\":\"\u00dcr\u00fcnler\",\"item\":\"https:\/\/manyedekparcaankara.com\/urunler\/\"},{\"@type\":\"ListItem\",\"position\":3,\"name\":\"1304 202 177 K ZF \u015eANZIMAN PR\u0130ZD\u0130RSEK (MAN H\u0130NO)\"}]},{\"@type\":\"WebSite\",\"@id\":\"https:\/\/manyedekparcaankara.com\/urunler\/#website\",\"url\":\"https:\/\/manyedekparcaankara.com\/urunler\/\",\"name\":\"Man Yedek Par\u00e7a - Mercedes TIR Kamyon Yedek Par\u00e7a\",\"description\":\"\",\"potentialAction\":[{\"@type\":\"SearchAction\",\"target\":{\"@type\":\"EntryPoint\",\"urlTemplate\":\"https:\/\/manyedekparcaankara.com\/urunler\/?s={search_term_string}\"},\"query-input\":\"required name=search_term_string\"}],\"inLanguage\":\"tr\"}]}<\/script>\n<!-- \/ Yoast SEO plugin. -->","yoast_head_json":{"title":"1304 202 177 K ZF \u015eANZIMAN PR\u0130ZD\u0130RSEK (MAN H\u0130NO) - Man Yedek Par\u00e7a - Mercedes TIR Kamyon Yedek Par\u00e7a","robots":{"index":"index","follow":"follow","max-snippet":"max-snippet:-1","max-image-preview":"max-image-preview:large","max-video-preview":"max-video-preview:-1"},"canonical":"https:\/\/manyedekparcaankara.com\/urunler\/tr\/genel\/1304-202-177-k-zf-sanziman-prizdirsek-man-hino\/","og_locale":"tr_TR","og_type":"article","og_title":"1304 202 177 K ZF \u015eANZIMAN PR\u0130ZD\u0130RSEK (MAN H\u0130NO) - Man Yedek Par\u00e7a - Mercedes TIR Kamyon Yedek Par\u00e7a","og_description":"Oem No: 1304 202 177 K   Marka \/ Model: ZF \u015eANZIMAN 1304 202 177 K   \u00dcr\u00fcn Ad\u0131: PR\u0130ZD\u0130RSEK (MAN H\u0130NO)    1304 202 177 K 1304 202 177 K","og_url":"https:\/\/manyedekparcaankara.com\/urunler\/tr\/genel\/1304-202-177-k-zf-sanziman-prizdirsek-man-hino\/","og_site_name":"Man Yedek Par\u00e7a - Mercedes TIR Kamyon Yedek Par\u00e7a","article_modified_time":"2024-02-15T00:22:38+00:00","twitter_card":"summary_large_image","twitter_misc":{"Tahmini okuma s\u00fcresi":"1 dakika"},"schema":{"@context":"https:\/\/schema.org","@graph":[{"@type":"WebPage","@id":"https:\/\/manyedekparcaankara.com\/urunler\/tr\/genel\/1304-202-177-k-zf-sanziman-prizdirsek-man-hino\/","url":"https:\/\/manyedekparcaankara.com\/urunler\/tr\/genel\/1304-202-177-k-zf-sanziman-prizdirsek-man-hino\/","name":"1304 202 177 K ZF \u015eANZIMAN PR\u0130ZD\u0130RSEK (MAN H\u0130NO) - Man Yedek Par\u00e7a - Mercedes TIR Kamyon Yedek Par\u00e7a","isPartOf":{"@id":"https:\/\/manyedekparcaankara.com\/urunler\/#website"},"datePublished":"2024-02-15T00:21:51+00:00","dateModified":"2024-02-15T00:22:38+00:00","breadcrumb":{"@id":"https:\/\/manyedekparcaankara.com\/urunler\/tr\/genel\/1304-202-177-k-zf-sanziman-prizdirsek-man-hino\/#breadcrumb"},"inLanguage":"tr","potentialAction":[{"@type":"ReadAction","target":["https:\/\/manyedekparcaankara.com\/urunler\/tr\/genel\/1304-202-177-k-zf-sanziman-prizdirsek-man-hino\/"]}]},{"@type":"BreadcrumbList","@id":"https:\/\/manyedekparcaankara.com\/urunler\/tr\/genel\/1304-202-177-k-zf-sanziman-prizdirsek-man-hino\/#breadcrumb","itemListElement":[{"@type":"ListItem","position":1,"name":"Anasayfa","item":"https:\/\/manyedekparcaankara.com\/urunler\/"},{"@type":"ListItem","position":2,"name":"\u00dcr\u00fcnler","item":"https:\/\/manyedekparcaankara.com\/urunler\/"},{"@type":"ListItem","position":3,"name":"1304 202 177 K ZF \u015eANZIMAN PR\u0130ZD\u0130RSEK (MAN H\u0130NO)"}]},{"@type":"WebSite","@id":"https:\/\/manyedekparcaankara.com\/urunler\/#website","url":"https:\/\/manyedekparcaankara.com\/urunler\/","name":"Man Yedek Par\u00e7a - Mercedes TIR Kamyon Yedek Par\u00e7a","description":"","potentialAction":[{"@type":"SearchAction","target":{"@type":"EntryPoint","urlTemplate":"https:\/\/manyedekparcaankara.com\/urunler\/?s={search_term_string}"},"query-input":"required name=search_term_string"}],"inLanguage":"tr"}]}},"_links":{"self":[{"href":"https:\/\/manyedekparcaankara.com\/urunler\/wp-json\/wp\/v2\/product\/5361","targetHints":{"allow":["GET"]}}],"collection":[{"href":"https:\/\/manyedekparcaankara.com\/urunler\/wp-json\/wp\/v2\/product"}],"about":[{"href":"https:\/\/manyedekparcaankara.com\/urunler\/wp-json\/wp\/v2\/types\/product"}],"replies":[{"embeddable":true,"href":"https:\/\/manyedekparcaankara.com\/urunler\/wp-json\/wp\/v2\/comments?post=5361"}],"wp:attachment":[{"href":"https:\/\/manyedekparcaankara.com\/urunler\/wp-json\/wp\/v2\/media?parent=5361"}],"wp:term":[{"taxonomy":"product_cat","embeddable":true,"href":"https:\/\/manyedekparcaankara.com\/urunler\/wp-json\/wp\/v2\/product_cat?post=5361"},{"taxonomy":"product_tag","embeddable":true,"href":"https:\/\/manyedekparcaankara.com\/urunler\/wp-json\/wp\/v2\/product_tag?post=5361"}],"curies":[{"name":"wp","href":"https:\/\/api.w.org\/{rel}","templated":true}]}}