{"id":5680,"date":"2024-02-15T03:36:46","date_gmt":"2024-02-15T00:36:46","guid":{"rendered":"https:\/\/manyedekparcaankara.com\/urunler\/?post_type=product&#038;p=5680"},"modified":"2024-02-15T03:37:15","modified_gmt":"2024-02-15T00:37:15","slug":"1376949-ema-genlesme-kabi-hortumu-scania-156-033","status":"publish","type":"product","link":"https:\/\/manyedekparcaankara.com\/urunler\/tr\/ema\/1376949-ema-genlesme-kabi-hortumu-scania-156-033\/","title":{"rendered":"1376949 EMA GENLE\u015eME KABI HORTUMU SCANIA 156.033"},"content":{"rendered":"<p>Oem No:<strong> 1376949 <\/strong><\/p>\n<p>   Marka \/ Model:<strong> EMA 1376949 <\/strong><\/p>\n<p>   \u00dcr\u00fcn Ad\u0131:<strong> GENLE\u015eME KABI HORTUMU SCANIA 156.033 <\/strong><\/p>\n<h2> 1376949 1376949 <\/h2>\n","protected":false},"excerpt":{"rendered":"<p>Oem No:<strong> 1376949 <\/strong><\/p>\n<p>   Marka \/ Model:<strong> EMA 1376949 <\/strong><\/p>\n<p>   \u00dcr\u00fcn Ad\u0131:<strong> GENLE\u015eME KABI HORTUMU SCANIA 156.033 <\/strong><\/p>\n<h2> 1376949 1376949 <\/h2>\n","protected":false},"featured_media":0,"comment_status":"closed","ping_status":"closed","template":"","meta":[],"product_cat":[213],"product_tag":[1585],"class_list":{"0":"post-5680","1":"product","2":"type-product","3":"status-publish","5":"product_cat-ema","6":"product_tag-1585","8":"first","9":"instock","10":"featured","11":"shipping-taxable","12":"product-type-simple","13":"col-xs-6 col-sm-4","14":"col-mf-5","15":"un-5-cols"},"yoast_head":"<!-- This site is optimized with the Yoast SEO plugin v22.0 - https:\/\/yoast.com\/wordpress\/plugins\/seo\/ -->\n<title>1376949 EMA GENLE\u015eME KABI HORTUMU SCANIA 156.033 - Man Yedek Par\u00e7a - Mercedes TIR Kamyon Yedek Par\u00e7a<\/title>\n<meta name=\"robots\" content=\"index, follow, max-snippet:-1, max-image-preview:large, max-video-preview:-1\" \/>\n<link rel=\"canonical\" href=\"https:\/\/manyedekparcaankara.com\/urunler\/tr\/genel\/1376949-ema-genlesme-kabi-hortumu-scania-156-033\/\" \/>\n<meta property=\"og:locale\" content=\"tr_TR\" \/>\n<meta property=\"og:type\" content=\"article\" \/>\n<meta property=\"og:title\" content=\"1376949 EMA GENLE\u015eME KABI HORTUMU SCANIA 156.033 - Man Yedek Par\u00e7a - Mercedes TIR Kamyon Yedek Par\u00e7a\" \/>\n<meta property=\"og:description\" content=\"Oem No: 1376949   Marka \/ Model: EMA 1376949   \u00dcr\u00fcn Ad\u0131: GENLE\u015eME KABI HORTUMU SCANIA 156.033    1376949 1376949\" \/>\n<meta property=\"og:url\" content=\"https:\/\/manyedekparcaankara.com\/urunler\/tr\/genel\/1376949-ema-genlesme-kabi-hortumu-scania-156-033\/\" \/>\n<meta property=\"og:site_name\" content=\"Man Yedek Par\u00e7a - Mercedes TIR Kamyon Yedek Par\u00e7a\" \/>\n<meta property=\"article:modified_time\" content=\"2024-02-15T00:37:15+00:00\" \/>\n<meta name=\"twitter:card\" content=\"summary_large_image\" \/>\n<meta name=\"twitter:label1\" content=\"Tahmini okuma s\u00fcresi\" \/>\n\t<meta name=\"twitter:data1\" content=\"1 dakika\" \/>\n<script type=\"application\/ld+json\" class=\"yoast-schema-graph\">{\"@context\":\"https:\/\/schema.org\",\"@graph\":[{\"@type\":\"WebPage\",\"@id\":\"https:\/\/manyedekparcaankara.com\/urunler\/tr\/genel\/1376949-ema-genlesme-kabi-hortumu-scania-156-033\/\",\"url\":\"https:\/\/manyedekparcaankara.com\/urunler\/tr\/genel\/1376949-ema-genlesme-kabi-hortumu-scania-156-033\/\",\"name\":\"1376949 EMA GENLE\u015eME KABI HORTUMU SCANIA 156.033 - Man Yedek Par\u00e7a - Mercedes TIR Kamyon Yedek Par\u00e7a\",\"isPartOf\":{\"@id\":\"https:\/\/manyedekparcaankara.com\/urunler\/#website\"},\"datePublished\":\"2024-02-15T00:36:46+00:00\",\"dateModified\":\"2024-02-15T00:37:15+00:00\",\"breadcrumb\":{\"@id\":\"https:\/\/manyedekparcaankara.com\/urunler\/tr\/genel\/1376949-ema-genlesme-kabi-hortumu-scania-156-033\/#breadcrumb\"},\"inLanguage\":\"tr\",\"potentialAction\":[{\"@type\":\"ReadAction\",\"target\":[\"https:\/\/manyedekparcaankara.com\/urunler\/tr\/genel\/1376949-ema-genlesme-kabi-hortumu-scania-156-033\/\"]}]},{\"@type\":\"BreadcrumbList\",\"@id\":\"https:\/\/manyedekparcaankara.com\/urunler\/tr\/genel\/1376949-ema-genlesme-kabi-hortumu-scania-156-033\/#breadcrumb\",\"itemListElement\":[{\"@type\":\"ListItem\",\"position\":1,\"name\":\"Anasayfa\",\"item\":\"https:\/\/manyedekparcaankara.com\/urunler\/\"},{\"@type\":\"ListItem\",\"position\":2,\"name\":\"\u00dcr\u00fcnler\",\"item\":\"https:\/\/manyedekparcaankara.com\/urunler\/\"},{\"@type\":\"ListItem\",\"position\":3,\"name\":\"1376949 EMA GENLE\u015eME KABI HORTUMU SCANIA 156.033\"}]},{\"@type\":\"WebSite\",\"@id\":\"https:\/\/manyedekparcaankara.com\/urunler\/#website\",\"url\":\"https:\/\/manyedekparcaankara.com\/urunler\/\",\"name\":\"Man Yedek Par\u00e7a - Mercedes TIR Kamyon Yedek Par\u00e7a\",\"description\":\"\",\"potentialAction\":[{\"@type\":\"SearchAction\",\"target\":{\"@type\":\"EntryPoint\",\"urlTemplate\":\"https:\/\/manyedekparcaankara.com\/urunler\/?s={search_term_string}\"},\"query-input\":\"required name=search_term_string\"}],\"inLanguage\":\"tr\"}]}<\/script>\n<!-- \/ Yoast SEO plugin. -->","yoast_head_json":{"title":"1376949 EMA GENLE\u015eME KABI HORTUMU SCANIA 156.033 - Man Yedek Par\u00e7a - Mercedes TIR Kamyon Yedek Par\u00e7a","robots":{"index":"index","follow":"follow","max-snippet":"max-snippet:-1","max-image-preview":"max-image-preview:large","max-video-preview":"max-video-preview:-1"},"canonical":"https:\/\/manyedekparcaankara.com\/urunler\/tr\/genel\/1376949-ema-genlesme-kabi-hortumu-scania-156-033\/","og_locale":"tr_TR","og_type":"article","og_title":"1376949 EMA GENLE\u015eME KABI HORTUMU SCANIA 156.033 - Man Yedek Par\u00e7a - Mercedes TIR Kamyon Yedek Par\u00e7a","og_description":"Oem No: 1376949   Marka \/ Model: EMA 1376949   \u00dcr\u00fcn Ad\u0131: GENLE\u015eME KABI HORTUMU SCANIA 156.033    1376949 1376949","og_url":"https:\/\/manyedekparcaankara.com\/urunler\/tr\/genel\/1376949-ema-genlesme-kabi-hortumu-scania-156-033\/","og_site_name":"Man Yedek Par\u00e7a - Mercedes TIR Kamyon Yedek Par\u00e7a","article_modified_time":"2024-02-15T00:37:15+00:00","twitter_card":"summary_large_image","twitter_misc":{"Tahmini okuma s\u00fcresi":"1 dakika"},"schema":{"@context":"https:\/\/schema.org","@graph":[{"@type":"WebPage","@id":"https:\/\/manyedekparcaankara.com\/urunler\/tr\/genel\/1376949-ema-genlesme-kabi-hortumu-scania-156-033\/","url":"https:\/\/manyedekparcaankara.com\/urunler\/tr\/genel\/1376949-ema-genlesme-kabi-hortumu-scania-156-033\/","name":"1376949 EMA GENLE\u015eME KABI HORTUMU SCANIA 156.033 - Man Yedek Par\u00e7a - Mercedes TIR Kamyon Yedek Par\u00e7a","isPartOf":{"@id":"https:\/\/manyedekparcaankara.com\/urunler\/#website"},"datePublished":"2024-02-15T00:36:46+00:00","dateModified":"2024-02-15T00:37:15+00:00","breadcrumb":{"@id":"https:\/\/manyedekparcaankara.com\/urunler\/tr\/genel\/1376949-ema-genlesme-kabi-hortumu-scania-156-033\/#breadcrumb"},"inLanguage":"tr","potentialAction":[{"@type":"ReadAction","target":["https:\/\/manyedekparcaankara.com\/urunler\/tr\/genel\/1376949-ema-genlesme-kabi-hortumu-scania-156-033\/"]}]},{"@type":"BreadcrumbList","@id":"https:\/\/manyedekparcaankara.com\/urunler\/tr\/genel\/1376949-ema-genlesme-kabi-hortumu-scania-156-033\/#breadcrumb","itemListElement":[{"@type":"ListItem","position":1,"name":"Anasayfa","item":"https:\/\/manyedekparcaankara.com\/urunler\/"},{"@type":"ListItem","position":2,"name":"\u00dcr\u00fcnler","item":"https:\/\/manyedekparcaankara.com\/urunler\/"},{"@type":"ListItem","position":3,"name":"1376949 EMA GENLE\u015eME KABI HORTUMU SCANIA 156.033"}]},{"@type":"WebSite","@id":"https:\/\/manyedekparcaankara.com\/urunler\/#website","url":"https:\/\/manyedekparcaankara.com\/urunler\/","name":"Man Yedek Par\u00e7a - Mercedes TIR Kamyon Yedek Par\u00e7a","description":"","potentialAction":[{"@type":"SearchAction","target":{"@type":"EntryPoint","urlTemplate":"https:\/\/manyedekparcaankara.com\/urunler\/?s={search_term_string}"},"query-input":"required name=search_term_string"}],"inLanguage":"tr"}]}},"_links":{"self":[{"href":"https:\/\/manyedekparcaankara.com\/urunler\/wp-json\/wp\/v2\/product\/5680","targetHints":{"allow":["GET"]}}],"collection":[{"href":"https:\/\/manyedekparcaankara.com\/urunler\/wp-json\/wp\/v2\/product"}],"about":[{"href":"https:\/\/manyedekparcaankara.com\/urunler\/wp-json\/wp\/v2\/types\/product"}],"replies":[{"embeddable":true,"href":"https:\/\/manyedekparcaankara.com\/urunler\/wp-json\/wp\/v2\/comments?post=5680"}],"wp:attachment":[{"href":"https:\/\/manyedekparcaankara.com\/urunler\/wp-json\/wp\/v2\/media?parent=5680"}],"wp:term":[{"taxonomy":"product_cat","embeddable":true,"href":"https:\/\/manyedekparcaankara.com\/urunler\/wp-json\/wp\/v2\/product_cat?post=5680"},{"taxonomy":"product_tag","embeddable":true,"href":"https:\/\/manyedekparcaankara.com\/urunler\/wp-json\/wp\/v2\/product_tag?post=5680"}],"curies":[{"name":"wp","href":"https:\/\/api.w.org\/{rel}","templated":true}]}}